{"id":3123,"date":"2017-12-26T16:38:28","date_gmt":"2017-12-26T21:38:28","guid":{"rendered":"http:\/\/wp-pgs-master.eliappwordpress1sto.elisys-servers.ca\/?page_id=3123"},"modified":"2026-02-20T12:13:19","modified_gmt":"2026-02-20T17:13:19","slug":"locations","status":"publish","type":"page","link":"https:\/\/www.roulottesbaiedeschaleurs.com\/fr\/locations\/","title":{"rendered":"Location de roulottes et VR en Gasp\u00e9sie"},"content":{"rendered":"<p><img class=\"\" src=\"https:\/\/www.roulottesbaiedeschaleurs.com\/wp-content\/uploads\/2022\/02\/img-location-2.jpg\" alt=\"\" \/><\/p>\r\n<p>Saviez-vous que vous avez la possibilit\u00e9 de <strong>louer un VR<\/strong> ou une <strong>roulotte en Gasp\u00e9sie <\/strong>? Rendez-vous chez Roulottes Baie des Chaleurs pour profiter de ce service!<\/p>\r\n<div class=\"textMore\">\r\n<p>La location de v\u00e9hicules r\u00e9cr\u00e9atifs vous permet, entre autres, d\u2019essayer avant d\u2019acheter. Si vous n\u2019\u00eates pas certain du mod\u00e8le le plus adapt\u00e9 \u00e0 votre situation, le mieux que vous puissiez faire c\u2019est de le louer pour vous faire vous-m\u00eame une id\u00e9e.<\/p>\r\n<p>De plus, louer un v\u00e9hicule peut vous permettre d\u2019en profiter sans avoir \u00e0 l\u2019acheter puis \u00e0 vous encombrer et le garder longtemps si vous ne vous en servez pas autant que vous le voudriez.<\/p>\r\n\r\n<div class=\"LS-post\">\r\n<div class=\"LS-section\">\r\n<h2 class=\"LS-h2\">Location de roulottes\u00a0: qu\u2019est-ce que \u00e7a signifie\u2009?<\/h2>\r\n<p>La location de roulottes ou de VR, \u00e7a signifie que vous pouvez louer un v\u00e9hicule r\u00e9cr\u00e9atif et partir ensuite pour la grande escapade. Vous n\u2019avez qu\u2019\u00e0 nous le rapporter une fois que la p\u00e9riode de location sera termin\u00e9e.<\/p>\r\n<p>Gr\u00e2ce \u00e0 ce service de location, vous n\u2019aurez pas \u00e0 vous pr\u00e9occuper des solutions de rangement lorsque vous retournerez \u00e0 la maison.<\/p>\r\n<p>En plus de vous permettre de louer un de nos v\u00e9hicules sans avoir \u00e0 vous soucier des engagements qui viennent avec l\u2019achat, vous pouvez aussi tr\u00e8s bien utiliser nos services de location de v\u00e9hicules r\u00e9cr\u00e9atifs pour essayer un VR avant de l\u2019acheter.<\/p>\r\n<p>En bref, nos services de location signifient que vous avez l\u2019opportunit\u00e9 d\u2019utiliser un de nos v\u00e9hicules pendant que vous en avez besoin et de nous le rapporter ensuite.<\/p>\r\n<p>Que vous utilisiez ce service comme p\u00e9riode d\u2019essai ou plut\u00f4t simplement pour vous g\u00e2ter durant vos vacances, \u00e7a n\u2019a pas d\u2019importance pour nous\u00a0: il nous fait plaisir de vous l\u2019offrir pendant cette p\u00e9riode.<\/p>\r\n<h2 class=\"LS-h2\">La location de roulottes chez Roulottes Baie-des-Chaleurs<\/h2>\r\n<p>Chez Roulottes Baie-des-Chaleurs, nous mettons tout en \u0153uvre pour que l\u2019exp\u00e9rience de <strong>location de roulotte en Gasp\u00e9sie (pr\u00e8s de Gasp\u00e9 et Rivi\u00e8re-au-Renard)<\/strong>\u00a0soit la plus simple possible pour vous.<\/p>\r\n<p>Notre \u00e9quipe sera ravie de vous guider \u00e0 travers la grande s\u00e9lection de mod\u00e8les disponibles pour la location.<\/p>\r\n<p>Vous n\u2019avez qu\u2019\u00e0 nous contacter et un membre de notre \u00e9quipe vous r\u00e9pondra sans tarder, pour que vous puissiez continuer de planifier votre aventure le plus rapidement possible.<\/p>\r\n<p>Apr\u00e8s tout, nous comprenons que la location d\u2019une roulotte n\u2019est qu\u2019une \u00e9tape de pr\u00e9paration pour votre prochaine aventure r\u00e9cr\u00e9ative, il est donc important que ce proc\u00e9d\u00e9 soit facile et ludique en m\u00eame temps.<\/p>\r\n<p>De plus, si vous d\u00e9cidez d\u2019acheter la roulotte \u00e0 la fin de votre p\u00e9riode de location, nous sommes toujours pr\u00eats \u00e0 faciliter cette transition.<\/p>\r\n<h2 class=\"LS-h2\">Capacit\u00e9 de remorquage pour une roulotte<\/h2>\r\n<p>On ne vous apprend rien en vous disant qu\u2019il existe des roulottes de diff\u00e9rentes longueurs, mais aussi de styles et de poids diff\u00e9rents\u2009; c\u2019est pourquoi, avant de proc\u00e9der \u00e0 la location d\u2019un v\u00e9hicule r\u00e9cr\u00e9atif, vous devez vous assurer que celui-ci puisse \u00eatre remorqu\u00e9 par votre VUS ou votre camion\u2009!<\/p>\r\n<p>En effet, les caravanes \u00e0 sellette \u2014 les fameuses fifth wheel \u2014 requi\u00e8rent imp\u00e9rativement une camionnette puisque leur partie sup\u00e9rieure repose au-dessus de la bo\u00eete du pick-up\u2009; ces VR ne sont donc pas con\u00e7us pour \u00eatre remorqu\u00e9s par un v\u00e9hicule utilitaire, si robuste soit-il.<\/p>\r\n<p>Si vous souhaitez louer une roulotte de grande dimension et dont le poids exc\u00e8de 7000\u00a0livres, une camionnette sera probablement indispensable\u2009; mais certains VUS pleine grandeur disposent d\u2019une capacit\u00e9 de remorquage de 8000 ou de 9000\u00a0livres, comme les Toyota Sequoia ou encore les Ford Expedition par exemple. Ces derniers pourraient donc remorquer certaines de ces roulottes tandis que d\u2019autres, beaucoup plus lourdes, ne pourront \u00eatre tract\u00e9es que par un pick-up aux capacit\u00e9s de remorquage sup\u00e9rieures.<\/p>\r\n<h2 class=\"LS-h2\">Les diff\u00e9rents styles de roulottes (VR, caravane \u00e0 sellette, etc\u2026)<\/h2>\r\n<p>Tout comme il existe plusieurs types de v\u00e9hicules (voitures compactes, sous-compactes, coup\u00e9s, VUS, camionnettes, minifourgonnettes, etc.), les roulottes se divisent \u00e9galement en diff\u00e9rentes cat\u00e9gories, que vous trouverez chez Roulottes Baie-des-Chaleurs \u00e0 New Richmond et \u00e0 Saint-Ulric.<\/p>\r\n<h3 class=\"LS-h3\">Tentes-roulottes<\/h3>\r\n<p>Compromis parfait entre une tente et une roulotte, les tentes-roulottes remportent un vif succ\u00e8s aupr\u00e8s des vacanciers qui aiment le camping, mais qui, pour diverses raisons, ne souhaitent pas dormir directement au sol dans une tente.<\/p>\r\n<p>Comportant des extensions en toile, mais dot\u00e9e de parois rigides, la tente-roulotte est l\u00e9g\u00e8re, facilement transportable et comporte une cuisinette\u2009; certains mod\u00e8les peuvent accueillir jusqu\u2019\u00e0 6\u00a0personnes.<\/p>\r\n<h3 class=\"LS-h3\">Roulottes traditionnelles<\/h3>\r\n<p>Disponibles en diff\u00e9rentes longueurs (entre 14 et plus de 42\u00a0pieds) et offrant le niveau de confort d\u2019un motoris\u00e9 de Class A ou Class C, ces roulottes comportent une cuisine \u00e9quip\u00e9e, une salle de bain compl\u00e8te, 1 ou 2\u00a0chambres ferm\u00e9es et souvent un espace d\u00e9tente avec foyer et t\u00e9l\u00e9viseur grand format\u2009; elles peuvent aussi \u00eatre munies d\u2019extensions pour optimiser l\u2019espace int\u00e9rieur.<\/p>\r\n<p>Si les plus petits mod\u00e8les peuvent \u00eatre remorqu\u00e9s avec certains VUS, un grand nombre de roulottes requi\u00e8rent d\u2019avoir une camionnette pour pouvoir les transporter.<\/p>\r\n<h3 class=\"LS-h3\">Caravanes \u00e0 sellette<\/h3>\r\n<p>Semblables aux roulottes traditionnelles en ce qui concerne l\u2019\u00e9quipement et le niveau de confort, elles se distinguent n\u00e9anmoins de celles-ci par leur forme, puisque leur partie avant repose au-dessus de la bo\u00eete de la camionnette, pour une r\u00e9partition de poids optimale.<\/p>\r\n<p>Il existe \u00e9galement des roulottes et des caravanes \u00e0 sellette dites \u00ab\u2009cargo\u2009\u00bb (toy hauler), c\u2019est-\u00e0-dire qu\u2019elles comportent un espace garage pour pouvoir transporter votre VTT, votre motoneige, etc.<\/p>\r\n<p>Il nous fera plaisir de vous accueillir en concession \u00e0 New Richmond et \u00e0 Saint-Ulric. Sachez aussi qu\u2019une \u00e9quipe d\u00e9di\u00e9e est \u00e0 votre disposition pour vous donner toute l\u2019information sur notre service de location de caravanes. N\u2019h\u00e9sitez pas \u00e0 nous contacter par courriel ou par t\u00e9l\u00e9phone pour obtenir des renseignements.<\/p>\r\n<h2 class=\"LS-h2\">L\u2019achat d\u2019une roulotte\u00a0: l\u2019\u00e9tape suivante<\/h2>\r\n<p>Peut-\u00eatre faites-vous la location d\u2019une roulotte avec l\u2019id\u00e9e de l\u2019essayer, ou peut-\u00eatre que vous n\u2019aviez aucune intention d\u2019acheter un v\u00e9hicule r\u00e9cr\u00e9atif avant de le louer.<\/p>\r\n<p>Peu importe vos intentions de d\u00e9part, Roulottes Baie-des-Chaleurs est l\u00e0 pour vous\u2009!<\/p>\r\n<p>Ce qui est important pour nous est que vous soyez conscient que nos services de location et nos services d\u2019achat de VR sont \u00e9troitement reli\u00e9s. Il n\u2019est pas rare que les gens passent \u00e0 l\u2019achat apr\u00e8s une p\u00e9riode de location.<\/p>\r\n<p>Si vous d\u00e9sirez magasiner pour l\u2019achat apr\u00e8s avoir essay\u00e9 un VR durant une p\u00e9riode de location, nous ferons de notre mieux pour vous offrir un mod\u00e8le qui concorde \u00e0 vos besoins et vos d\u00e9sirs.<\/p>\r\n<p>Il se pourrait que la location \u00e9veille en vous le besoin d\u2019un VR, mais que le mod\u00e8le que vous avez essay\u00e9 ne soit pas tout \u00e0 fait celui convoit\u00e9.<\/p>\r\n<p>Bien s\u00fbr, cela ne pose pas non plus de probl\u00e8me. Notre \u00e9quipe d\u2019experts en la mati\u00e8re saura vous \u00e9couter et trouver un v\u00e9hicule qui r\u00e9pond \u00e0 vos besoins, que vous vouliez\u00a0:<\/p>\r\n<ul>\r\n<li>Une autocaravane<\/li>\r\n<li>Une caravane de voyage<\/li>\r\n<li>Un VR utilitaire<\/li>\r\n<li>Ou toute autre cat\u00e9gorie d\u2019un v\u00e9hicule r\u00e9cr\u00e9atif<\/li>\r\n<\/ul>\r\n<p>En effet, nous avons en inventaire une tr\u00e8s grande s\u00e9lection de v\u00e9hicules \u00e0 vendre, pour que vous puissiez repartir de New Richmond ou Saint-Ulric avec un produit qui vous apportera le sourire pendant plusieurs ann\u00e9es.<\/p>\r\n<h2 class=\"LS-h2\">Les services suppl\u00e9mentaires au sein de votre concessionnaire<\/h2>\r\n<p>L\u2019achat et la location de caravanes ne sont pas les seuls services que vous trouverez offerts chez nous. En effet, nous cherchons toujours \u00e0 offrir plus de services, afin de mieux vous servir.<\/p>\r\n<p>Un des services que vous aimerez sans doute, si vous magasinez un v\u00e9hicule r\u00e9cr\u00e9atif, est notre financement pour roulotte.<\/p>\r\n<p>Gr\u00e2ce \u00e0 nos services de financement, nous serons en mesure de vous offrir le VR de vos r\u00eaves accompagn\u00e9s d\u2019options de paiements qui rentreront parfaitement dans votre budget.<\/p>\r\n<p>Nous comprenons que l\u2019achat d\u2019un VR ne devrait pas nuire \u00e0 votre confort quotidien et c\u2019est pour cette raison que nos experts sur place sauront vous faire une offre qui s\u2019accordera avec votre profil financier.<\/p>\r\n<p>Vous n\u2019avez qu\u2019\u00e0 remplir notre formulaire de demande de financement et nous nous chargerons de trouver une offre qui concorde avec votre budget dans les plus brefs d\u00e9lais. Votre temps est pr\u00e9cieux pour nous\u2009!<\/p>\r\n<p>Alors que c\u2019est pour la location d\u2019une roulotte ou l\u2019achat d\u2019un VR, vous ne trouverez pas un concessionnaire qui r\u00e9pondra mieux \u00e0 vos besoins. Gr\u00e2ce \u00e0 notre panoplie de services con\u00e7us pour r\u00e9pondre \u00e0 vos besoins, les conseillers de chez Roulottes Baie-des-Chaleurs \u00e0 New Richmond et Saint-Ulric sont l\u00e0 pour vous servir\u2009!<\/p>\r\n<p>Visitez notre inventaire de v\u00e9hicules d\u2019occasion d\u00e8s maintenant pour \u00e9conomiser sur l\u2019achat d\u2019une roulotte\u2009!<\/p>\r\n<\/div>\r\n<\/div>\r\n<\/div>\r\n","protected":false},"excerpt":{"rendered":"<p>Saviez-vous que vous avez la possibilit\u00e9 de louer un VR ou une roulotte en Gasp\u00e9sie ? Rendez-vous chez Roulottes Baie des Chaleurs pour profiter de ce service! La location de v\u00e9hicules r\u00e9cr\u00e9atifs vous permet, entre autres, d\u2019essayer avant d\u2019acheter. Si vous n\u2019\u00eates pas certain du mod\u00e8le le plus adapt\u00e9 \u00e0 votre situation, le mieux que &hellip; <a href=\"https:\/\/www.roulottesbaiedeschaleurs.com\/fr\/locations\/\">Suite<\/a><\/p>\n","protected":false},"author":1,"featured_media":0,"parent":0,"menu_order":0,"comment_status":"closed","ping_status":"closed","template":"template-listing-rental-products.php","meta":[],"acf":{"content_featured_type":""},"_links":{"self":[{"href":"https:\/\/www.roulottesbaiedeschaleurs.com\/fr\/wp-json\/wp\/v2\/pages\/3123"}],"collection":[{"href":"https:\/\/www.roulottesbaiedeschaleurs.com\/fr\/wp-json\/wp\/v2\/pages"}],"about":[{"href":"https:\/\/www.roulottesbaiedeschaleurs.com\/fr\/wp-json\/wp\/v2\/types\/page"}],"author":[{"embeddable":true,"href":"https:\/\/www.roulottesbaiedeschaleurs.com\/fr\/wp-json\/wp\/v2\/users\/1"}],"replies":[{"embeddable":true,"href":"https:\/\/www.roulottesbaiedeschaleurs.com\/fr\/wp-json\/wp\/v2\/comments?post=3123"}],"version-history":[{"count":22,"href":"https:\/\/www.roulottesbaiedeschaleurs.com\/fr\/wp-json\/wp\/v2\/pages\/3123\/revisions"}],"predecessor-version":[{"id":32023,"href":"https:\/\/www.roulottesbaiedeschaleurs.com\/fr\/wp-json\/wp\/v2\/pages\/3123\/revisions\/32023"}],"wp:attachment":[{"href":"https:\/\/www.roulottesbaiedeschaleurs.com\/fr\/wp-json\/wp\/v2\/media?parent=3123"}],"curies":[{"name":"wp","href":"https:\/\/api.w.org\/{rel}","templated":true}]}}